{"id":18,"date":"2025-05-16T06:07:48","date_gmt":"2025-05-16T06:07:48","guid":{"rendered":"https:\/\/secure.sduko.com\/es\/?page_id=18"},"modified":"2025-05-16T12:58:08","modified_gmt":"2025-05-16T12:58:08","slug":"terminos-de-uso","status":"publish","type":"page","link":"https:\/\/secure.sduko.com\/es\/terminos-de-uso\/","title":{"rendered":"T\u00c9RMINOS DE USO"},"content":{"rendered":"\n<p>\u00daltima actualizaci\u00f3n: julio de 2024<\/p>\n\n\n\n<p>Estos T\u00e9rminos de Uso est\u00e1n vigentes a la fecha indicada anteriormente. Actualizamos nuestros T\u00e9rminos de Uso peri\u00f3dicamente. Por lo tanto, aconsejamos a los Usuarios, tal y como se define a continuaci\u00f3n, que comprueben si hay cambios desde la \u00faltima vez que visitaron el sitio.\u00a0<a href=\"https:\/\/secure.Sduko.com\/\">secure.Sduko.com<\/a>\u00a0(en adelante denominados el \u201cServicio\u201d y el \u201cSitio\u201d).<\/p>\n\n\n\n<p>Se recomienda a los usuarios del Sitio (en adelante \u201cUsuarios\u201d) que lean atentamente estos T\u00e9rminos de Uso antes de utilizar el Sitio.<\/p>\n\n\n\n<p>Se informa a los usuarios que al acceder o utilizar el Sitio confirman que han le\u00eddo, comprendido y aceptado estos T\u00e9rminos de Uso.<\/p>\n\n\n\n<p>Se advierte a los usuarios que continuar navegando por el Sitio significa que aceptan los T\u00e9rminos de Uso vigentes en el momento en que visitan el Sitio y que si no desean estar sujetos a los T\u00e9rminos de Uso, deben cerrar el Sitio y dejar de usar el Servicio.<\/p>\n\n\n\n<p><strong>1. Acceso al contenido del sitio<\/strong><\/p>\n\n\n\n<p>Tenga en cuenta que este Sitio est\u00e1 dirigido exclusivamente a adultos (mayores de 18 a\u00f1os). Al utilizarlo, los Usuarios garantizan tener al menos 18 a\u00f1os.<\/p>\n\n\n\n<p>Los Usuarios pueden visitar todas las secciones del Sitio adhiri\u00e9ndose estrictamente a estos T\u00e9rminos de Uso.<\/p>\n\n\n\n<p><strong>2. Modificaci\u00f3n de estas Condiciones de Uso<\/strong><\/p>\n\n\n\n<p>Nos reservamos el derecho de modificar y\/o actualizar estos T\u00e9rminos de Uso en cualquier momento.<\/p>\n\n\n\n<p>Dichas modificaciones y\/o actualizaciones entrar\u00e1n en vigor a partir de su publicaci\u00f3n.\u00a0<\/p>\n\n\n\n<p>El uso continuado del Sitio, incluso despu\u00e9s de la publicaci\u00f3n de los cambios, implicar\u00e1 la aceptaci\u00f3n de dichos cambios por parte del Usuario. Por lo tanto, se recomienda consultar peri\u00f3dicamente esta p\u00e1gina para mantenerse al d\u00eda sobre las Condiciones de Uso vigentes.<\/p>\n\n\n\n<p><strong>3. Obligaciones y comportamiento del Usuario.<\/strong><\/p>\n\n\n\n<p>El Usuario podr\u00e1 utilizar el Sitio exclusivamente con fines informativos o de interacci\u00f3n con nosotros.<\/p>\n\n\n\n<p>Al acceder al Sitio, el Usuario se compromete a no utilizarlo:<\/p>\n\n\n\n<ol class=\"wp-block-list\">\n<li>De cualquier forma que contravenga las leyes o regulaciones locales, nacionales o internacionales;<\/li>\n\n\n\n<li>De cualquier manera fraudulenta o con cualquier prop\u00f3sito o efecto fraudulento;<\/li>\n\n\n\n<li>Con el prop\u00f3sito de da\u00f1ar o intentar da\u00f1ar a menores de edad;<\/li>\n\n\n\n<li>Con el prop\u00f3sito de acosar o intimidar a cualquier otro Usuario o tercero;<\/li>\n\n\n\n<li>Con el fin de compartir contenido amenazante, abusivo o discriminatorio;\u00a0<\/li>\n\n\n\n<li>Con el prop\u00f3sito de causar da\u00f1os a la Compa\u00f1\u00eda, o de cualquier otra manera perjudicar su reputaci\u00f3n;<\/li>\n\n\n\n<li>De cualquier forma que interrumpa, interfiera o limite el uso del Sitio por parte de otros Usuarios;<\/li>\n\n\n\n<li>Enviar publicidad no solicitada o no autorizada, material promocional o cualquier otra forma de solicitud similar (\u201cspam\u201d);<\/li>\n\n\n\n<li>Transmitir datos, enviar o cargar cualquier material que contenga virus, troyanos, gusanos o cualquier otro c\u00f3digo, programa o archivo dise\u00f1ado para destruir, interrumpir o limitar la funcionalidad de cualquier computadora, software, hardware o equipo de telecomunicaciones; o<\/li>\n\n\n\n<li>Obtener acceso no autorizado al Sitio, al servidor donde se almacena o a cualquier servidor, computadora o base de datos conectada al Sitio.<\/li>\n<\/ol>\n\n\n\n<p>El Usuario debe asegurarse de que cualquier material subido, publicado o transmitido a trav\u00e9s del Sitio no sea falso, ofensivo, difamatorio, intimidante ni ilegal, ni infrinja los derechos de terceros.<\/p>\n\n\n\n<p>Nos reservamos el derecho de expulsar a los Usuarios por incumplimientos graves o reiterados de estas Condiciones de Uso.<\/p>\n\n\n\n<p>Al utilizar el Servicio, los Usuarios asumen la plena y exclusiva responsabilidad de su comportamiento hacia el Sitio y hacia terceros, incluyendo, entre otros, a otros Usuarios.<\/p>\n\n\n\n<p>No nos responsabilizamos ni garantizamos la veracidad del contenido que los Usuarios compartan con nosotros a trav\u00e9s del Sitio.<\/p>\n\n\n\n<p><strong>4. Pol\u00edtica de uso aceptable<\/strong><\/p>\n\n\n\n<p>Los usuarios se comprometen a no utilizar el Servicio del Sitio de forma indebida o contraria a las disposiciones legales, las normas \u00e9ticas y la buena conducta de los servicios de red (etiqueta de la red). En particular, se comprometen a no transmitir a trav\u00e9s del Sitio material ofensivo, difamatorio, discriminatorio, acosador, difamatorio, ped\u00f3filo, blasfemo o que atente de cualquier modo contra el orden p\u00fablico.<\/p>\n\n\n\n<p><strong>5. pol\u00edtica de privacidad<\/strong><\/p>\n\n\n\n<p>Nuestro uso de sus datos personales se rige por nuestra Pol\u00edtica de Privacidad, que tambi\u00e9n establece nuestro uso de cookies y tecnolog\u00eda similar. Solo recopilamos los datos personales m\u00ednimos necesarios para prestar el Servicio de acuerdo con estos T\u00e9rminos de Uso, cumplir con nuestras obligaciones legales y satisfacer nuestros intereses leg\u00edtimos con respecto a la mejora del Servicio, la ampliaci\u00f3n de la cobertura geogr\u00e1fica del Servicio y la promoci\u00f3n de la seguridad y el bienestar de nuestros Usuarios.<\/p>\n\n\n\n<p><strong>6. Propiedad Intelectual<\/strong><\/p>\n\n\n\n<p>La Empresa posee todos los derechos de propiedad intelectual del Sitio y su contenido, as\u00ed como de las marcas comerciales o logotipos publicados en \u00e9l. En particular, el contenido del Sitio est\u00e1 protegido por las leyes de derechos de autor aplicables.<\/p>\n\n\n\n<p>El Usuario puede leer, ver e imprimir el contenido de una sola p\u00e1gina para uso privado, personal y no comercial, siempre que se respeten todos los derechos de autor y de propiedad intelectual mencionados anteriormente.<\/p>\n\n\n\n<p>Salvo que se indique lo contrario en el Sitio, el Usuario no podr\u00e1 reproducir, extraer, descargar, copiar, modificar, adaptar, publicar, transmitir, poner a disposici\u00f3n, distribuir, vender ni utilizar de ning\u00fan otro modo el contenido del Sitio sin la autorizaci\u00f3n previa por escrito de la Empresa. El uso no autorizado de dicho contenido se considerar\u00e1 una violaci\u00f3n de los derechos de la Empresa sobre \u00e9l, y nos reservamos el derecho de hacerlos valer.<\/p>\n\n\n\n<p>Los informes de infracci\u00f3n de los derechos de propiedad intelectual o uso indebido de im\u00e1genes o datos (por ejemplo, tel\u00e9fono, correo electr\u00f3nico, nombres y direcciones) pueden notificarse a\u00a0<a href=\"mailto:info.secure@Sduko.com\">info.secure@Sduko.com<\/a>\u00a0<\/p>\n\n\n\n<p><strong>7. Hiperv\u00ednculos a sitios de terceros<\/strong><\/p>\n\n\n\n<p>Si el Sitio contiene enlaces a otros sitios y recursos de terceros, estos se proporcionan \u00fanicamente con fines informativos.<\/p>\n\n\n\n<p>La Empresa no controla ni avala el contenido de dichos sitios o recursos.<\/p>\n\n\n\n<p><strong>8. Limitaciones de responsabilidad<\/strong><\/p>\n\n\n\n<p><strong>Todo el contenido del Sitio se proporciona \u00fanicamente con fines informativos y en ning\u00fan caso debe considerarse un sustituto del asesoramiento legal. El Sitio no pretende ser exhaustivo desde el punto de vista legal; para obtener asesoramiento legal, consulte con un abogado.<\/strong><\/p>\n\n\n\n<p>El acceso a Internet, necesario para utilizar el Sitio y todos los cargos y costos relacionados, incluidos los costos de conexi\u00f3n, son responsabilidad del Usuario, quien deber\u00e1 procurar de forma independiente cualquier soporte de hardware o software necesario.<\/p>\n\n\n\n<p>El Usuario es el \u00fanico responsable del funcionamiento y mantenimiento de su equipo, as\u00ed como de adoptar todas las medidas necesarias para garantizar su seguridad en l\u00ednea.<\/p>\n\n\n\n<p>Podemos actualizar el Sitio y modificar su contenido en cualquier momento.<\/p>\n\n\n\n<p>Aunque nos esforzamos por actualizar el Sitio peri\u00f3dicamente, no se garantiza, ni expresa ni impl\u00edcitamente, que su contenido sea preciso, completo, est\u00e9 actualizado y libre de errores u omisiones. Asimismo, no se garantiza que el Sitio sea seguro ni est\u00e9 libre de errores o virus.<\/p>\n\n\n\n<p>Tampoco se garantiza que el Sitio, ni ninguna parte del mismo, est\u00e9 siempre disponible o sin interrupciones. Nos reservamos el derecho de suspender o modificar la totalidad o parte del Sitio sin previo aviso y no nos responsabilizamos de la indisponibilidad del Sitio en un momento o per\u00edodo espec\u00edfico por ning\u00fan motivo.<\/p>\n\n\n\n<p>No seremos responsables ante los usuarios por ninguna p\u00e9rdida o da\u00f1o, ya sea contractual o no contractual, incumplimiento de un deber legal o de otro tipo, incluso si es previsible, que surja de o en conexi\u00f3n con el uso o la imposibilidad de usar el Sitio o la confianza en cualquier contenido que se muestre en el Sitio.<\/p>\n\n\n\n<p><strong>9. Cambios en el Sitio<\/strong><\/p>\n\n\n\n<p>Nos reservamos el derecho a intervenir en el Sitio o a realizar modificaciones o cambios (por ejemplo, en el dise\u00f1o, el enfoque o el contenido funcional) sin previo aviso, o a limitar el acceso del Usuario al Sitio por mantenimiento, razones t\u00e9cnicas o de otro tipo durante el tiempo necesario sin previo aviso. En tales casos, ning\u00fan Usuario tendr\u00e1 derecho a reclamar compensaci\u00f3n alguna en virtud de esta pol\u00edtica por dichas modificaciones, cambios o falta de disponibilidad.<\/p>\n\n\n\n<p><strong>11. Ley aplicable y jurisdicci\u00f3n<\/strong><\/p>\n\n\n\n<p>Estos T\u00e9rminos de uso se rigen e interpretan de conformidad con las leyes de la Rep\u00fablica de Chipre y est\u00e1n sujetos a la jurisdicci\u00f3n exclusiva de la Rep\u00fablica de Chipre.<\/p>\n\n\n\n<p><strong>12. Informaci\u00f3n del contacto<\/strong><\/p>\n\n\n\n<p>Para cualquier comentario o pregunta sobre estos T\u00e9rminos de uso, env\u00ede un correo electr\u00f3nico a\u00a0<a href=\"mailto:info.secure@Sduko.com\">info.secure@Sduko.com<\/a>\u00a0<\/p>\n","protected":false},"excerpt":{"rendered":"<p>\u00daltima actualizaci\u00f3n: julio de 2024 Estos T\u00e9rminos de Uso est\u00e1n vigentes a la fecha indicada anteriormente. Actualizamos nuestros T\u00e9rminos de Uso peri\u00f3dicamente. Por lo tanto, aconsejamos a los Usuarios, tal y como se define a continuaci\u00f3n, que comprueben si hay cambios desde la \u00faltima vez que visitaron el sitio.\u00a0secure.Sduko.com\u00a0(en adelante denominados el \u201cServicio\u201d y el [&hellip;]<\/p>\n","protected":false},"author":1,"featured_media":0,"parent":0,"menu_order":0,"comment_status":"closed","ping_status":"closed","template":"","meta":{"footnotes":""},"class_list":["post-18","page","type-page","status-publish","hentry"],"acf":[],"_links":{"self":[{"href":"https:\/\/secure.sduko.com\/es\/wp-json\/wp\/v2\/pages\/18","targetHints":{"allow":["GET"]}}],"collection":[{"href":"https:\/\/secure.sduko.com\/es\/wp-json\/wp\/v2\/pages"}],"about":[{"href":"https:\/\/secure.sduko.com\/es\/wp-json\/wp\/v2\/types\/page"}],"author":[{"embeddable":true,"href":"https:\/\/secure.sduko.com\/es\/wp-json\/wp\/v2\/users\/1"}],"replies":[{"embeddable":true,"href":"https:\/\/secure.sduko.com\/es\/wp-json\/wp\/v2\/comments?post=18"}],"version-history":[{"count":4,"href":"https:\/\/secure.sduko.com\/es\/wp-json\/wp\/v2\/pages\/18\/revisions"}],"predecessor-version":[{"id":107,"href":"https:\/\/secure.sduko.com\/es\/wp-json\/wp\/v2\/pages\/18\/revisions\/107"}],"wp:attachment":[{"href":"https:\/\/secure.sduko.com\/es\/wp-json\/wp\/v2\/media?parent=18"}],"curies":[{"name":"wp","href":"https:\/\/api.w.org\/{rel}","templated":true}]}}