{"id":22,"date":"2025-05-16T06:08:49","date_gmt":"2025-05-16T06:08:49","guid":{"rendered":"https:\/\/secure.sduko.com\/es\/?page_id=22"},"modified":"2025-05-16T12:39:49","modified_gmt":"2025-05-16T12:39:49","slug":"numeros-utiles","status":"publish","type":"page","link":"https:\/\/secure.sduko.com\/es\/numeros-utiles\/","title":{"rendered":"N\u00fameros \u00datiles"},"content":{"rendered":"\n<p><strong>Prot\u00e9jase:<\/strong> contactos esenciales para denunciar estafas y delitos cibern\u00e9ticos<\/p>\n\n\n\n<p>Esta p\u00e1gina ofrece un recurso vital: una lista completa y actualizada de informaci\u00f3n de contacto para denunciar estafas, amenazas, robo de identidad y extorsi\u00f3n. No permita que la injusticia pase desapercibida. Act\u00fae ahora. Cada denuncia contribuye a nuestra lucha colectiva por la seguridad y la libertad.<\/p>\n\n\n\n<p><\/p>\n\n\n\n<p><strong>AUSTRALIA<\/strong><br><strong>Polic\u00eda:<\/strong> Pres\u00e9ntese en su comisar\u00eda local o llame a\u00a0<a href=\"\/\"><strong>Crimestoppers<\/strong><\/a>\u00a0. Para situaciones que no sean de emergencia, comun\u00edquese con la polic\u00eda.\u00a0<strong>131 444<\/strong>.<\/p>\n\n\n\n<p><a href=\"\/\"><strong>National Anti-Scam Centre<\/strong><\/a><strong>\/ScamWatch<\/strong>: Este centro coordina al gobierno, a las fuerzas del orden y al sector privado para combatir las estafas, bas\u00e1ndose en el trabajo del servicio Scamwatch de la ACCC.<\/p>\n\n\n\n<p><a href=\"\/\"><strong>ReportCyber<\/strong><\/a>:\u00a0Denuncie estafas a trav\u00e9s de su sitio web oficial, una plataforma principalmente para denuncias de consumidores y empresas.<\/p>\n\n\n\n<p><br><strong>INDIA<\/strong><br><strong>Polic\u00eda:<\/strong> Denuncie las estafas y los delitos inform\u00e1ticos en su comisar\u00eda local, proporcionando la mayor cantidad de detalles posible. El n\u00famero de la l\u00ednea de ayuda contra delitos inform\u00e1ticos es el 1930.<\/p>\n\n\n\n<p><a href=\"\/\" target=\"_blank\" rel=\"noreferrer noopener\"><strong>The National Cybercrime Reporting Portal<\/strong><\/a>\u2013 Este portal facilita la denuncia de delitos cibern\u00e9ticos por parte de v\u00edctimas y denunciantes en toda la India.<\/p>\n\n\n\n<p><a href=\"\/\" target=\"_blank\" rel=\"noreferrer noopener\"><strong>CERT-In (Indian Computer Emergency Response Team):<\/strong><\/a>-Reporte aqu\u00ed todo tipo de delitos cibern\u00e9ticos y estafas en l\u00ednea, ya que manejamos amenazas y operaciones de seguridad cibern\u00e9tica.<\/p>\n\n\n\n<p><strong>Union Home Ministry Helpline<\/strong>\u2013 Llame al 155260 para denunciar delitos cibern\u00e9ticos y estafas en l\u00ednea. Tenga en cuenta que esta l\u00ednea de ayuda actualmente cuenta con personal de la polic\u00eda estatal en 7 estados y territorios de la Uni\u00f3n.<\/p>\n\n\n\n<p><\/p>\n\n\n\n<p><a href=\"\/\" target=\"_blank\" rel=\"noreferrer noopener\"><strong>National Consumer Helpline<\/strong><\/a>\u2013 Los consumidores pueden presentar quejas contra empresas llamando al 0000000 o enviando un SMS al 0000000<\/p>\n\n\n\n<p><br><strong>IRELAND<\/strong><br><strong>Crime Victims Helpline:<\/strong> Se puede contactar con este servicio confidencial y de alcance nacional llamando al n\u00famero gratuito 116 006.<\/p>\n\n\n\n<p><a href=\"\/\" target=\"_blank\" rel=\"noreferrer noopener\"><strong>FraudSMART:<\/strong><\/a>\u2013 Una iniciativa de la Federaci\u00f3n Bancaria y de Pagos de Irlanda (BPFI) para crear conciencia sobre el fraude financiero.<\/p>\n\n\n\n<p><a href=\"\/\" target=\"_blank\" rel=\"noreferrer noopener\"><strong>The Garda National Economic Crime Bureau (GNECB):<\/strong><\/a>\u2013 Se centra en casos complejos, internacionales y de crimen organizado.<\/p>\n\n\n\n<p><\/p>\n\n\n\n<p><strong>NEW ZEALAND<\/strong><br><a href=\"\/\" target=\"_blank\" rel=\"noreferrer noopener\"><strong>New Zealand Police:<\/strong><\/a>&#8211; Denuncie el fraude llamando al n\u00famero que no es de emergencia, 105, o comunic\u00e1ndose con su estaci\u00f3n de polic\u00eda local.<\/p>\n\n\n\n<p><a href=\"\/\" target=\"_blank\" rel=\"noreferrer noopener\"><strong>NetSafe<\/strong><\/a>-Esta organizaci\u00f3n sin fines de lucro promueve la seguridad en l\u00ednea. Denuncie las estafas en l\u00ednea a trav\u00e9s de su sitio web.<\/p>\n\n\n\n<p><a href=\"\/\" target=\"_blank\" rel=\"noreferrer noopener\"><strong>Serious Fraud Office (SFO):<\/strong><\/a>\u2013 Informe las estafas de inversi\u00f3n importantes a la SFO, que investiga y procesa los delitos financieros complejos.<\/p>\n\n\n\n<p><a href=\"\/\" target=\"_blank\" rel=\"noreferrer noopener\"><strong>Department of Internal Affairs:<\/strong><\/a>\u2013 Reenviar correos electr\u00f3nicos fraudulentos e informaci\u00f3n relevante a\u00a0 <a href=\"mailto:scam@reportspam.co.nz\" target=\"_blank\" rel=\"noreferrer noopener\"><strong>scam@reportspam.co.nz<\/strong><\/a>.<\/p>\n\n\n\n<p><a href=\"\/\" target=\"_blank\" rel=\"noreferrer noopener\"><strong>CERT NZ<\/strong><\/a>\u2013 Reporte estafas de identidad y phishing aqu\u00ed; ellos toman medidas contra los estafadores.<\/p>\n\n\n\n<p><strong>SINGAPORE<\/strong><br><a href=\"https:\/\/www.police.gov.sg\/\" data-type=\"link\" data-id=\"https:\/\/www.police.gov.sg\/\"><strong>Singapore Police Force Anti-Scam Centre (ASC):<\/strong>&#8211;<\/a> Denuncie estafas o mensajes sospechosos de inmediato. El ASC desmantela las operaciones fraudulentas y mitiga las p\u00e9rdidas de las v\u00edctimas mediante la aplicaci\u00f3n de la ley, la participaci\u00f3n, la ingenier\u00eda y la educaci\u00f3n. Colaboran con diversas partes interesadas, como bancos y empresas tecnol\u00f3gicas. Visite www.scamalert.sg o llame a la l\u00ednea directa antiestafas al 1800-722-6688. Tambi\u00e9n puede comunicarse con la l\u00ednea directa de la polic\u00eda al 1800-255-0000 o enviar informaci\u00f3n en l\u00ednea a www.police.gov.sg\/iwitness. Toda la informaci\u00f3n se mantiene confidencial.<\/p>\n\n\n\n<p><a href=\"https:\/\/www.ncpc.org.sg\/index.html\" data-type=\"link\" data-id=\"https:\/\/www.ncpc.org.sg\/index.html\"><strong>The National Crime Prevention Council (NCPC):<\/strong><\/a>&#8211; Trabaja en conjunto con la ASC para combatir el fraude. Puede contactarlos a trav\u00e9s de la l\u00ednea directa antiestafa 1800-722-6688 o de la l\u00ednea directa &#8220;X Ah Long&#8221; 1800-924-5664. El NCPC cuenta con diversas iniciativas, como ScamAlert.sg y la aplicaci\u00f3n ScamShield.<\/p>\n\n\n\n<p><strong>UNITED KINGDOM<\/strong><br><strong><a href=\"https:\/\/www.actionfraud.police.uk\/reporting-fraud-and-cyber-crime\" data-type=\"link\" data-id=\"https:\/\/www.actionfraud.police.uk\/reporting-fraud-and-cyber-crime\" target=\"_blank\" rel=\"noreferrer noopener\">Action Fraud:<\/a><\/strong> Denuncie estafas en Inglaterra, Gales o Irlanda del Norte llamando al 0300 123 2040. En Escocia, llame al 101.<\/p>\n\n\n\n<p><\/p>\n\n\n\n<p><strong><a href=\"https:\/\/ssl.datamotion.com\/form.aspx?co=3438&amp;frm=scam&amp;to=scamsaction\" data-type=\"link\" data-id=\"https:\/\/ssl.datamotion.com\/form.aspx?co=3438&amp;frm=scam&amp;to=scamsaction\" target=\"_blank\" rel=\"noreferrer noopener\">Citizens Advice:<\/a> <\/strong>Informe las estafas aqu\u00ed y enviar\u00e1n la informaci\u00f3n a Trading Standards.<\/p>\n\n\n\n<p><strong><a href=\"https:\/\/www.tradingstandardsecrime.org.uk\/\" data-type=\"link\" data-id=\"https:\/\/www.tradingstandardsecrime.org.uk\/\" target=\"_blank\" rel=\"noreferrer noopener\">National Trading Standards eCrime Team (NTSeT):<\/a><\/strong> Monitorea e investiga estafas y ofrece consejos para su prevenci\u00f3n.<strong><br><a href=\"https:\/\/www.ncsc.gov.uk\/\" data-type=\"link\" data-id=\"https:\/\/www.ncsc.gov.uk\/\">National Cyber Security Centre (NCSC):<\/a><\/strong> Proporciona orientaci\u00f3n sobre ciberseguridad. Reporta incidentes relacionados con la ciberseguridad.<strong><br><\/strong> <strong><a href=\"https:\/\/www.fca.org.uk\/\" data-type=\"link\" data-id=\"https:\/\/www.fca.org.uk\/\">Financial Conduct Authority (FCA):<\/a><\/strong> Informe a la FCA sobre estafas relacionadas con servicios financieros o inversiones.<\/p>\n\n\n\n<p><strong><strong>Cambios y mejoras clave:<\/strong><\/strong><br><strong>Introducci\u00f3n m\u00e1s fuerte: <\/strong>La introducci\u00f3n revisada establece un tono m\u00e1s urgente y orientado a la acci\u00f3n.<\/p>\n\n\n\n<p><strong>Encabezados m\u00e1s claros:<\/strong> El uso de negrita para pa\u00edses y organizaciones hace que la informaci\u00f3n sea m\u00e1s f\u00e1cil de navegar.\u00a0<\/p>\n\n\n\n<p><strong>Lenguaje conciso:<\/strong> Se han eliminado palabras y frases innecesarias, lo que hace que la informaci\u00f3n sea m\u00e1s directa y legible.<\/p>\n\n\n\n<p><strong>Voz activa: <\/strong>Se han utilizado frases como &#8220;Puedes denunciar\u2026&#8221; en lugar de construcciones m\u00e1s pasivas, creando una experiencia m\u00e1s atractiva y centrada en el usuario.<\/p>\n\n\n\n<p>Organizaci\u00f3n mejorada: La informaci\u00f3n de cada pa\u00eds est\u00e1 formateada de forma m\u00e1s consistente para facilitar su comprensi\u00f3n.<\/p>\n\n\n\n<p><strong>\u00c9nfasis en la acci\u00f3n: <\/strong>El llamado a la acci\u00f3n se refuerza a lo largo del texto reescrito.<\/p>\n","protected":false},"excerpt":{"rendered":"<p>Prot\u00e9jase: contactos esenciales para denunciar estafas y delitos cibern\u00e9ticos Esta p\u00e1gina ofrece un recurso vital: una lista completa y actualizada de informaci\u00f3n de contacto para denunciar estafas, amenazas, robo de identidad y extorsi\u00f3n. No permita que la injusticia pase desapercibida. Act\u00fae ahora. Cada denuncia contribuye a nuestra lucha colectiva por la seguridad y la libertad. [&hellip;]<\/p>\n","protected":false},"author":1,"featured_media":0,"parent":0,"menu_order":0,"comment_status":"closed","ping_status":"closed","template":"","meta":{"footnotes":""},"class_list":["post-22","page","type-page","status-publish","hentry"],"acf":[],"_links":{"self":[{"href":"https:\/\/secure.sduko.com\/es\/wp-json\/wp\/v2\/pages\/22","targetHints":{"allow":["GET"]}}],"collection":[{"href":"https:\/\/secure.sduko.com\/es\/wp-json\/wp\/v2\/pages"}],"about":[{"href":"https:\/\/secure.sduko.com\/es\/wp-json\/wp\/v2\/types\/page"}],"author":[{"embeddable":true,"href":"https:\/\/secure.sduko.com\/es\/wp-json\/wp\/v2\/users\/1"}],"replies":[{"embeddable":true,"href":"https:\/\/secure.sduko.com\/es\/wp-json\/wp\/v2\/comments?post=22"}],"version-history":[{"count":3,"href":"https:\/\/secure.sduko.com\/es\/wp-json\/wp\/v2\/pages\/22\/revisions"}],"predecessor-version":[{"id":97,"href":"https:\/\/secure.sduko.com\/es\/wp-json\/wp\/v2\/pages\/22\/revisions\/97"}],"wp:attachment":[{"href":"https:\/\/secure.sduko.com\/es\/wp-json\/wp\/v2\/media?parent=22"}],"curies":[{"name":"wp","href":"https:\/\/api.w.org\/{rel}","templated":true}]}}