{"id":24,"date":"2025-05-16T06:11:59","date_gmt":"2025-05-16T06:11:59","guid":{"rendered":"https:\/\/secure.sduko.com\/es\/?page_id=24"},"modified":"2025-05-16T12:14:01","modified_gmt":"2025-05-16T12:14:01","slug":"denunciar-fraude-visitantes","status":"publish","type":"page","link":"https:\/\/secure.sduko.com\/es\/denunciar-fraude-visitantes\/","title":{"rendered":"Informe de estafa de visitantes"},"content":{"rendered":"\n<div class=\"wpcf7 no-js\" id=\"wpcf7-f25-o1\" lang=\"en-US\" dir=\"ltr\" data-wpcf7-id=\"25\">\n<div class=\"screen-reader-response\"><p role=\"status\" aria-live=\"polite\" aria-atomic=\"true\"><\/p> <ul><\/ul><\/div>\n<form action=\"\/es\/wp-json\/wp\/v2\/pages\/24#wpcf7-f25-o1\" method=\"post\" class=\"wpcf7-form init\" aria-label=\"Contact form\" enctype=\"multipart\/form-data\" novalidate=\"novalidate\" data-status=\"init\">\n<div style=\"display: none;\">\n<input type=\"hidden\" name=\"_wpcf7\" value=\"25\" \/>\n<input type=\"hidden\" name=\"_wpcf7_version\" value=\"6.0.1\" \/>\n<input type=\"hidden\" name=\"_wpcf7_locale\" value=\"en_US\" \/>\n<input type=\"hidden\" name=\"_wpcf7_unit_tag\" value=\"wpcf7-f25-o1\" \/>\n<input type=\"hidden\" name=\"_wpcf7_container_post\" value=\"0\" \/>\n<input type=\"hidden\" name=\"_wpcf7_posted_data_hash\" value=\"\" \/>\n<\/div>\n<div class=\"row scam-step-1\">\n\t<div class=\"col-lg-12\">\n\t\t<div class=\"form-check mb-2\">\n\t\t\t<p><span class=\"wpcf7-form-control-wrap\" data-name=\"incident-option\"><span class=\"wpcf7-form-control wpcf7-radio option-bold\"><span class=\"wpcf7-list-item first last\"><label><input type=\"radio\" name=\"incident-option\" value=\"Estafa\" \/><span class=\"wpcf7-list-item-label\">Estafa<\/span><\/label><\/span><\/span><\/span>\n\t\t\t<\/p>\n\t\t<\/div>\n\t\t<p class=\"ps-4\">El fraude por WhatsApp es una actividad ilegal realizada a trav\u00e9s de esta popular plataforma de mensajer\u00eda. En estas situaciones, un estafador solicitar\u00e1 el pago por adelantado de un servicio\u2026 <a target=\"_blank\" href=\"\/en\/estafa\/\">leer m\u00e1s<\/a>\n\t\t<\/p>\n\t<\/div>\n\t<div class=\"col-lg-12\">\n\t\t<div class=\"form-check mb-2\">\n\t\t\t<p><span class=\"wpcf7-form-control-wrap\" data-name=\"incident-option\"><span class=\"wpcf7-form-control wpcf7-radio option-bold\"><span class=\"wpcf7-list-item first last\"><label><input type=\"radio\" name=\"incident-option\" value=\"Chantaje\" \/><span class=\"wpcf7-list-item-label\">Chantaje<\/span><\/label><\/span><\/span><\/span>\n\t\t\t<\/p>\n\t\t<\/div>\n\t\t<p class=\"ps-4\">La extorsi\u00f3n es un delito grave en el que se amenaza a personas para obtener dinero u otros beneficios injustos. Protegerse contra estas t\u00e1cticas requiere conciencia y reporte inmediato. Un caso preocupante\u2026 <a target=\"_blank\" href=\"\/en\/chantaje\/\">leer m\u00e1s<\/a>\n\t\t<\/p>\n\t<\/div>\n\t<div class=\"col-lg-12\">\n\t\t<div class=\"form-check mb-2\">\n\t\t\t<p><span class=\"wpcf7-form-control-wrap\" data-name=\"incident-option\"><span class=\"wpcf7-form-control wpcf7-radio option-bold\"><span class=\"wpcf7-list-item first last\"><label><input type=\"radio\" name=\"incident-option\" value=\"Sicario\" \/><span class=\"wpcf7-list-item-label\">Sicario<\/span><\/label><\/span><\/span><\/span>\n\t\t\t<\/p>\n\t\t<\/div>\n\t\t<p class=\"ps-4\">Est\u00e1 surgiendo una t\u00e1ctica sofisticada de chantaje en l\u00ednea donde los ciberdelincuentes utilizan anuncios falsos en sitios web de contenido para adultos para recolectar n\u00fameros telef\u00f3nicos. Luego usan WhatsApp para contactar a estas personas\u2026 <a target=\"_blank\" href=\"\/en\/sicario\/\">leer m\u00e1s<\/a>\n\t\t<\/p>\n\t<\/div>\n\t<div class=\"col-lg-12\">\n\t\t<div class=\"form-check mb-2\">\n\t\t\t<p><span class=\"wpcf7-form-control-wrap\" data-name=\"incident-option\"><span class=\"wpcf7-form-control wpcf7-radio option-bold\"><span class=\"wpcf7-list-item first last\"><label><input type=\"radio\" name=\"incident-option\" value=\"Otro\" checked=\"checked\" \/><span class=\"wpcf7-list-item-label\">Otro<\/span><\/label><\/span><\/span><\/span>\n\t\t\t<\/p>\n\t\t<\/div>\n\t\t<div class=\"mb-3 ps-4\">\n\t\t\t<p><span class=\"wpcf7-form-control-wrap\" data-name=\"incident-description\"><textarea cols=\"40\" rows=\"10\" maxlength=\"2000\" class=\"wpcf7-form-control wpcf7-textarea wpcf7-validates-as-required\" aria-required=\"true\" aria-invalid=\"false\" placeholder=\"Describa el incidente\" name=\"incident-description\"><\/textarea><\/span>\n\t\t\t<\/p>\n\t\t<\/div>\n\t<\/div>\n\t<div class=\"col-lg-12 mt-3\">\n\t\t<p><button type=\"button\" class=\"btn btn-primary report-scam-continue\">Siguiente<\/button>\n\t\t<\/p>\n\t<\/div>\n<\/div>\n<div class=\"col-lg-12 mb-5 scam-step-2\" style=\"display:none; opacity:0;\">\n\t<div class=\"scam-frm\">\n\t\t<div class=\"row\">\n\t\t\t<div class=\"col-lg-12 mb-4\">\n\t\t\t\t<p><span class=\"wpcf7-form-control-wrap\" data-name=\"reporter-email\"><input size=\"40\" maxlength=\"400\" class=\"wpcf7-form-control wpcf7-email wpcf7-validates-as-required wpcf7-text wpcf7-validates-as-email form-control\" aria-required=\"true\" aria-invalid=\"false\" placeholder=\"Ingrese su correo electr\u00f3nico\" value=\"\" type=\"email\" name=\"reporter-email\" \/><\/span>\n\t\t\t\t<\/p>\n\t\t\t<\/div>\n\t\t\t<div class=\"col-lg-12 mb-4\">\n\t\t\t\t<p><span class=\"wpcf7-form-control-wrap\" data-name=\"reporter-tel\"><input size=\"40\" maxlength=\"400\" class=\"wpcf7-form-control wpcf7-tel wpcf7-validates-as-required wpcf7-text wpcf7-validates-as-tel form-control\" aria-required=\"true\" aria-invalid=\"false\" placeholder=\"Ingrese su n\u00famero de tel\u00e9fono\" value=\"\" type=\"tel\" name=\"reporter-tel\" \/><\/span>\n\t\t\t\t<\/p>\n\t\t\t<\/div>\n\t\t\t<div class=\"col-lg-12 mb-4\">\n\t\t\t\t<p><span class=\"wpcf7-form-control-wrap\" data-name=\"reporter-country\"><select class=\"wpcf7-form-control wpcf7-select form-select\" aria-invalid=\"false\" name=\"reporter-country\"><option value=\"\">Seleccione su pa\u00eds<\/option><option value=\"Australia\">Australia<\/option><option value=\"India\">India<\/option><option value=\"Irlanda\">Irlanda<\/option><option value=\"Nueva Zelanda\">Nueva Zelanda<\/option><option value=\"Reino Unido\">Reino Unido<\/option><option value=\"Singapur\">Singapur<\/option><\/select><\/span>\n\t\t\t\t<\/p>\n\t\t\t<\/div>\n\t\t\t<div class=\"col-lg-12 mb-4\">\n\t\t\t\t<p><span class=\"wpcf7-form-control-wrap\" data-name=\"report-description\"><textarea cols=\"40\" rows=\"10\" maxlength=\"2000\" class=\"wpcf7-form-control wpcf7-textarea wpcf7-validates-as-required form-control\" aria-required=\"true\" aria-invalid=\"false\" placeholder=\"Describa el incidente (especifique fecha, fuente, n\u00famero del estafador)\" name=\"report-description\"><\/textarea><\/span>\n\t\t\t\t<\/p>\n\t\t\t<\/div>\n\t\t\t<div class=\"col-lg-12 mb-4\">\n\t\t\t\t<p><span class=\"wpcf7-form-control-wrap\" data-name=\"report-url\"><input size=\"40\" maxlength=\"400\" class=\"wpcf7-form-control wpcf7-url wpcf7-text wpcf7-validates-as-url form-control\" aria-invalid=\"false\" placeholder=\"Inserte el enlace del anuncio\" value=\"\" type=\"url\" name=\"report-url\" \/><\/span>\n\t\t\t\t<\/p>\n\t\t\t<\/div>\n\t\t\t<div class=\"col-lg-12 mb-4\">\n\t\t\t\t<p><span class=\"wpcf7-form-control-wrap\" data-name=\"report-file\"><input size=\"40\" class=\"wpcf7-form-control wpcf7-file form-control\" accept=\"audio\/*,video\/*,image\/*\" aria-invalid=\"false\" type=\"file\" name=\"report-file\" \/><\/span>\n\t\t\t\t<\/p>\n\t\t\t<\/div>\n\t\t\t<div class=\"col-lg-12 mb-2\">\n\t\t\t\t<h4 class=\"mb-0\">\u00bfNecesita ayuda?\n\t\t\t\t<\/h4>\n\t\t\t\t<p class=\"mb-0\">\u00bfC\u00f3mo desea ser contactado?\n\t\t\t\t<\/p>\n\t\t\t<\/div>\n\t\t\t<div class=\"col-lg-12 mb-4\">\n\t\t\t\t<div class=\"form-check mb-2\">\n\t\t\t\t\t<p><span class=\"wpcf7-form-control-wrap\" data-name=\"reporter-contact-channel\"><span class=\"wpcf7-form-control wpcf7-radio\"><span class=\"wpcf7-list-item first last\"><label><input type=\"radio\" name=\"reporter-contact-channel\" value=\"Correo electr\u00f3nico\" checked=\"checked\" \/><span class=\"wpcf7-list-item-label\">Correo electr\u00f3nico<\/span><\/label><\/span><\/span><\/span>\n\t\t\t\t\t<\/p>\n\t\t\t\t<\/div>\n\t\t\t\t<div class=\"form-check mb-2\">\n\t\t\t\t\t<p><span class=\"wpcf7-form-control-wrap\" data-name=\"reporter-contact-channel\"><span class=\"wpcf7-form-control wpcf7-radio\" id=\"reporter-whatsapp\"><span class=\"wpcf7-list-item first last\"><label><input type=\"radio\" name=\"reporter-contact-channel\" value=\"Whatsapp\" \/><span class=\"wpcf7-list-item-label\">Whatsapp<\/span><\/label><\/span><\/span><\/span><span class=\"wpcf7-form-control-wrap\" data-name=\"reporter-whatsapp\"><input size=\"40\" maxlength=\"400\" class=\"wpcf7-form-control wpcf7-text\" id=\"reporter-whatsapp-id\" aria-invalid=\"false\" placeholder=\"Ingrese Whatsapp\" value=\"\" type=\"text\" name=\"reporter-whatsapp\" \/><\/span>\n\t\t\t\t\t<\/p>\n\t\t\t\t<\/div>\n\t\t\t\t<div class=\"form-check\">\n\t\t\t\t\t<p><span class=\"wpcf7-form-control-wrap\" data-name=\"reporter-contact-channel\"><span class=\"wpcf7-form-control wpcf7-radio\" id=\"reporter-telegram\"><span class=\"wpcf7-list-item first last\"><label><input type=\"radio\" name=\"reporter-contact-channel\" value=\"Telegram\" \/><span class=\"wpcf7-list-item-label\">Telegram<\/span><\/label><\/span><\/span><\/span><span class=\"wpcf7-form-control-wrap\" data-name=\"reporter-telegram\"><input size=\"40\" maxlength=\"400\" class=\"wpcf7-form-control wpcf7-text\" id=\"reporter-telegram-id\" aria-invalid=\"false\" placeholder=\"Ingrese Telegram\" value=\"\" type=\"text\" name=\"reporter-telegram\" \/><\/span>\n\t\t\t\t\t<\/p>\n\t\t\t\t<\/div>\n\t\t\t<\/div>\n\t\t\t<div class=\"col-lg-12\">\n\t\t\t\t<p class=\"mg-0\"><br \/>\n<small>Siempre estamos disponibles para compartir los datos relacionados con su reporte con las autoridades competentes. Los datos compartidos incluyen n\u00fameros de tel\u00e9fono, direcciones IP y correos electr\u00f3nicos de los estafadores.<\/small>\n\t\t\t\t<\/p>\n\t\t\t<\/div>\n\t\t\t<div class=\"col-lg-12 mt-3\">\n\t\t\t\t<p><input class=\"wpcf7-form-control wpcf7-submit has-spinner btn btn-primary\" type=\"submit\" value=\"Enviar Reporte\" \/>\n\t\t\t\t<\/p>\n\t\t\t<\/div>\n\t\t<\/div>\n\t<\/div>\n<\/div><div class=\"wpcf7-response-output\" aria-hidden=\"true\"><\/div>\n<\/form>\n<\/div>\n\n","protected":false},"excerpt":{"rendered":"","protected":false},"author":1,"featured_media":0,"parent":0,"menu_order":0,"comment_status":"closed","ping_status":"closed","template":"","meta":{"footnotes":""},"class_list":["post-24","page","type-page","status-publish","hentry"],"acf":[],"_links":{"self":[{"href":"https:\/\/secure.sduko.com\/es\/wp-json\/wp\/v2\/pages\/24","targetHints":{"allow":["GET"]}}],"collection":[{"href":"https:\/\/secure.sduko.com\/es\/wp-json\/wp\/v2\/pages"}],"about":[{"href":"https:\/\/secure.sduko.com\/es\/wp-json\/wp\/v2\/types\/page"}],"author":[{"embeddable":true,"href":"https:\/\/secure.sduko.com\/es\/wp-json\/wp\/v2\/users\/1"}],"replies":[{"embeddable":true,"href":"https:\/\/secure.sduko.com\/es\/wp-json\/wp\/v2\/comments?post=24"}],"version-history":[{"count":2,"href":"https:\/\/secure.sduko.com\/es\/wp-json\/wp\/v2\/pages\/24\/revisions"}],"predecessor-version":[{"id":91,"href":"https:\/\/secure.sduko.com\/es\/wp-json\/wp\/v2\/pages\/24\/revisions\/91"}],"wp:attachment":[{"href":"https:\/\/secure.sduko.com\/es\/wp-json\/wp\/v2\/media?parent=24"}],"curies":[{"name":"wp","href":"https:\/\/api.w.org\/{rel}","templated":true}]}}