{"id":46,"date":"2025-05-16T06:25:47","date_gmt":"2025-05-16T06:25:47","guid":{"rendered":"https:\/\/secure.sduko.com\/es\/?page_id=46"},"modified":"2025-05-16T12:43:57","modified_gmt":"2025-05-16T12:43:57","slug":"hagase-socio-unase-a-nosotros","status":"publish","type":"page","link":"https:\/\/secure.sduko.com\/es\/hagase-socio-unase-a-nosotros\/","title":{"rendered":"Convi\u00e9rtete en socio"},"content":{"rendered":"\n<p id=\"block-bf827f45-35fb-466b-a2a3-dd8eab796809\">\u00bfCrees en la libertad, la seguridad y la integridad en l\u00ednea? Si es as\u00ed, te invitamos a colaborar con nosotros para:<\/p>\n\n\n\n<p id=\"block-de7efa7c-43a5-4d01-a800-cfd3f39490ec\"><strong>Proteger la libertad de expresi\u00f3n: <\/strong>Contribuir activamente a la defensa de la libertad de expresi\u00f3n en l\u00ednea, vital para una sociedad sana.<\/p>\n\n\n\n<p id=\"block-ad9e5feb-6231-4996-8843-c7bd3466274a\"><strong>Generar confianza:<\/strong> Ay\u00fadanos a crear una Internet donde los usuarios puedan navegar sin miedo, fortaleciendo la reputaci\u00f3n y la confiabilidad de toda la red.<\/p>\n\n\n\n<p id=\"block-6ecd2a9d-3073-4246-9fd2-ce5ebc2ea54f\"><strong>Enfrentar el ciberdelito:<\/strong> Trabaje junto con Sduko y otras organizaciones dedicadas a combatir la actividad delictiva en l\u00ednea y responsabilizar a los perpetradores.<\/p>\n\n\n\n<p id=\"block-a707cb8e-cdb4-48bd-8d04-4b6a5b6a5224\"><strong>Educar y empoderar: <\/strong>Proporcionar a los usuarios las herramientas y el conocimiento que necesitan para reconocer y evitar estafas, robos de identidad y extorsiones.<\/p>\n\n\n\n<p id=\"block-5a4973b1-968e-4621-81cb-35ab6c156757\">Al convertirse en nuestro socio, mejorar\u00e1 significativamente su visibilidad como organizaci\u00f3n dedicada a promover la seguridad en l\u00ednea y los derechos de los usuarios.<\/p>\n\n\n\n<p id=\"block-72d33505-ef78-4bc3-8e38-c95897173432\"><strong>Cont\u00e1ctanos \u2013 \u00a1generemos un impacto positivo juntos!<\/strong><\/p>\n\n\n\n<p><\/p>\n","protected":false},"excerpt":{"rendered":"<p>\u00bfCrees en la libertad, la seguridad y la integridad en l\u00ednea? Si es as\u00ed, te invitamos a colaborar con nosotros para: Proteger la libertad de expresi\u00f3n: Contribuir activamente a la defensa de la libertad de expresi\u00f3n en l\u00ednea, vital para una sociedad sana. Generar confianza: Ay\u00fadanos a crear una Internet donde los usuarios puedan navegar [&hellip;]<\/p>\n","protected":false},"author":1,"featured_media":0,"parent":0,"menu_order":0,"comment_status":"closed","ping_status":"closed","template":"","meta":{"footnotes":""},"class_list":["post-46","page","type-page","status-publish","hentry"],"acf":[],"_links":{"self":[{"href":"https:\/\/secure.sduko.com\/es\/wp-json\/wp\/v2\/pages\/46","targetHints":{"allow":["GET"]}}],"collection":[{"href":"https:\/\/secure.sduko.com\/es\/wp-json\/wp\/v2\/pages"}],"about":[{"href":"https:\/\/secure.sduko.com\/es\/wp-json\/wp\/v2\/types\/page"}],"author":[{"embeddable":true,"href":"https:\/\/secure.sduko.com\/es\/wp-json\/wp\/v2\/users\/1"}],"replies":[{"embeddable":true,"href":"https:\/\/secure.sduko.com\/es\/wp-json\/wp\/v2\/comments?post=46"}],"version-history":[{"count":3,"href":"https:\/\/secure.sduko.com\/es\/wp-json\/wp\/v2\/pages\/46\/revisions"}],"predecessor-version":[{"id":99,"href":"https:\/\/secure.sduko.com\/es\/wp-json\/wp\/v2\/pages\/46\/revisions\/99"}],"wp:attachment":[{"href":"https:\/\/secure.sduko.com\/es\/wp-json\/wp\/v2\/media?parent=46"}],"curies":[{"name":"wp","href":"https:\/\/api.w.org\/{rel}","templated":true}]}}