{"id":24,"date":"2025-05-16T07:34:17","date_gmt":"2025-05-16T07:34:17","guid":{"rendered":"https:\/\/secure.sduko.com\/pt\/?page_id=24"},"modified":"2025-05-16T14:26:24","modified_gmt":"2025-05-16T14:26:24","slug":"denunciar-fraude-anunciantes","status":"publish","type":"page","link":"https:\/\/secure.sduko.com\/pt\/denunciar-fraude-anunciantes\/","title":{"rendered":"Relat\u00f3rio de fraude de anunciante"},"content":{"rendered":"\n<div class=\"wpcf7 no-js\" id=\"wpcf7-f22-o1\" lang=\"en-US\" dir=\"ltr\" data-wpcf7-id=\"22\">\n<div class=\"screen-reader-response\"><p role=\"status\" aria-live=\"polite\" aria-atomic=\"true\"><\/p> <ul><\/ul><\/div>\n<form action=\"\/pt\/wp-json\/wp\/v2\/pages\/24#wpcf7-f22-o1\" method=\"post\" class=\"wpcf7-form init\" aria-label=\"Contact form\" enctype=\"multipart\/form-data\" novalidate=\"novalidate\" data-status=\"init\">\n<div style=\"display: none;\">\n<input type=\"hidden\" name=\"_wpcf7\" value=\"22\" \/>\n<input type=\"hidden\" name=\"_wpcf7_version\" value=\"6.0.1\" \/>\n<input type=\"hidden\" name=\"_wpcf7_locale\" value=\"en_US\" \/>\n<input type=\"hidden\" name=\"_wpcf7_unit_tag\" value=\"wpcf7-f22-o1\" \/>\n<input type=\"hidden\" name=\"_wpcf7_container_post\" value=\"0\" \/>\n<input type=\"hidden\" name=\"_wpcf7_posted_data_hash\" value=\"\" \/>\n<\/div>\n<div class=\"row scam-step-1\">\n\t<div class=\"col-lg-12\">\n\t\t<div class=\"form-check mb-2\">\n\t\t\t<p><span class=\"wpcf7-form-control-wrap\" data-name=\"incident-option\"><span class=\"wpcf7-form-control wpcf7-radio option-bold\"><span class=\"wpcf7-list-item first last\"><label><input type=\"radio\" name=\"incident-option\" value=\"Falsos Representantes da Sduko\" \/><span class=\"wpcf7-list-item-label\">Falsos Representantes da Sduko<\/span><\/label><\/span><\/span><\/span>\n\t\t\t<\/p>\n\t\t<\/div>\n\t\t<p class=\"ps-4\"><br \/>\nCuidado com golpistas que se passam por representantes da Sduko e usam o WhatsApp para abordar anunciantes. Esses fraudadores alegam falsamente que seu an\u00fancio foi denunciado e exigem pagamento imediato para evitar penalidades ou bloqueios de conta\u2026<br \/>\n<a target=\"_blank\" href=\"\/\">leia mais<\/a>\n\t\t<\/p>\n\t<\/div>\n\t<div class=\"col-lg-12\">\n\t\t<div class=\"form-check mb-2\">\n\t\t\t<p><span class=\"wpcf7-form-control-wrap\" data-name=\"incident-option\"><span class=\"wpcf7-form-control wpcf7-radio option-bold\"><span class=\"wpcf7-list-item first last\"><label><input type=\"radio\" name=\"incident-option\" value=\"Falsas Promo\u00e7\u00f5es da Sduko\" \/><span class=\"wpcf7-list-item-label\">Falsas Promo\u00e7\u00f5es da Sduko<\/span><\/label><\/span><\/span><\/span>\n\t\t\t<\/p>\n\t\t<\/div>\n\t\t<p class=\"ps-4\"><br \/>\nGolpistas est\u00e3o mirando anunciantes da Sduko pelo WhatsApp, oferecendo promo\u00e7\u00f5es falsas como \u201cProdutos em Destaque\u201d, \u201cUpgrades\u201d ou servi\u00e7os \u201cVIP\u201d em troca de pagamentos fora da plataforma. Esses indiv\u00edduos se fazem passar por representantes da Sduko\u2026<br \/>\n<a target=\"_blank\" href=\"\/\">leia mais<\/a>\n\t\t<\/p>\n\t<\/div>\n\t<div class=\"col-lg-12\">\n\t\t<div class=\"form-check mb-2\">\n\t\t\t<p><span class=\"wpcf7-form-control-wrap\" data-name=\"incident-option\"><span class=\"wpcf7-form-control wpcf7-radio option-bold\"><span class=\"wpcf7-list-item first last\"><label><input type=\"radio\" name=\"incident-option\" value=\"Falsos Representantes de Vendas\" \/><span class=\"wpcf7-list-item-label\">Falsos Representantes de Vendas<\/span><\/label><\/span><\/span><\/span>\n\t\t\t<\/p>\n\t\t<\/div>\n\t\t<p class=\"ps-4\"><br \/>\nUm esquema fraudulento que visa anunciantes da Sduko envolve golpistas que se passam por representantes de vendas via WhatsApp. Normalmente, eles iniciam o contato alegando ter observado uma queda\u2026<br \/>\n<a target=\"_blank\" href=\"\/\">leia mais<\/a>\n\t\t<\/p>\n\t<\/div>\n\t<div class=\"col-lg-12\">\n\t\t<div class=\"form-check mb-2\">\n\t\t\t<p><span class=\"wpcf7-form-control-wrap\" data-name=\"incident-option\"><span class=\"wpcf7-form-control wpcf7-radio option-bold\"><span class=\"wpcf7-list-item first last\"><label><input type=\"radio\" name=\"incident-option\" value=\"Outro\" checked=\"checked\" \/><span class=\"wpcf7-list-item-label\">Outro<\/span><\/label><\/span><\/span><\/span>\n\t\t\t<\/p>\n\t\t<\/div>\n\t\t<div class=\"mb-3 ps-4\">\n\t\t\t<p><span class=\"wpcf7-form-control-wrap\" data-name=\"incident-description\"><textarea cols=\"40\" rows=\"10\" maxlength=\"2000\" class=\"wpcf7-form-control wpcf7-textarea wpcf7-validates-as-required\" aria-required=\"true\" aria-invalid=\"false\" placeholder=\"Descreva o ocorrido\" name=\"incident-description\"><\/textarea><\/span>\n\t\t\t<\/p>\n\t\t<\/div>\n\t<\/div>\n\t<div class=\"col-lg-12 mt-3\">\n\t\t<p><button type=\"button\" class=\"btn btn-primary report-scam-continue\">Pr\u00f3ximo<\/button>\n\t\t<\/p>\n\t<\/div>\n<\/div>\n<div class=\"col-lg-12 mb-5 scam-step-2\" style=\"display:none; opacity:0;\">\n\t<div class=\"scam-frm\">\n\t\t<div class=\"row\">\n\t\t\t<div class=\"col-lg-12 mb-4\">\n\t\t\t\t<p><span class=\"wpcf7-form-control-wrap\" data-name=\"reporter-email\"><input size=\"40\" maxlength=\"400\" class=\"wpcf7-form-control wpcf7-email wpcf7-validates-as-required wpcf7-text wpcf7-validates-as-email form-control\" aria-required=\"true\" aria-invalid=\"false\" placeholder=\"Insira seu e-mail\" value=\"\" type=\"email\" name=\"reporter-email\" \/><\/span>\n\t\t\t\t<\/p>\n\t\t\t<\/div>\n\t\t\t<div class=\"col-lg-12 mb-4\">\n\t\t\t\t<p><span class=\"wpcf7-form-control-wrap\" data-name=\"reporter-tel\"><input size=\"40\" maxlength=\"400\" class=\"wpcf7-form-control wpcf7-tel wpcf7-validates-as-required wpcf7-text wpcf7-validates-as-tel form-control\" aria-required=\"true\" aria-invalid=\"false\" placeholder=\"Insira seu n\u00famero de telefone\" value=\"\" type=\"tel\" name=\"reporter-tel\" \/><\/span>\n\t\t\t\t<\/p>\n\t\t\t<\/div>\n\t\t\t<div class=\"col-lg-12 mb-4\">\n\t\t\t\t<p><span class=\"wpcf7-form-control-wrap\" data-name=\"reporter-country\"><select class=\"wpcf7-form-control wpcf7-select form-select\" aria-invalid=\"false\" name=\"reporter-country\"><option value=\"\">Selecione seu pa\u00eds<\/option><option value=\"Austr\u00e1lia\">Austr\u00e1lia<\/option><option value=\"\u00cdndia\">\u00cdndia<\/option><option value=\"Irlanda\">Irlanda<\/option><option value=\"Nova Zel\u00e2ndia\">Nova Zel\u00e2ndia<\/option><option value=\"Reino Unido\">Reino Unido<\/option><option value=\"Singapura\">Singapura<\/option><\/select><\/span>\n\t\t\t\t<\/p>\n\t\t\t<\/div>\n\t\t\t<div class=\"col-lg-12 mb-4\">\n\t\t\t\t<p><span class=\"wpcf7-form-control-wrap\" data-name=\"report-description\"><textarea cols=\"40\" rows=\"10\" maxlength=\"2000\" class=\"wpcf7-form-control wpcf7-textarea wpcf7-validates-as-required form-control\" aria-required=\"true\" aria-invalid=\"false\" placeholder=\"Descreva o ocorrido (especifique data, fonte, n\u00famero do golpista)\" name=\"report-description\"><\/textarea><\/span>\n\t\t\t\t<\/p>\n\t\t\t<\/div>\n\t\t\t<div class=\"col-lg-12 mb-4\">\n\t\t\t\t<p><span class=\"wpcf7-form-control-wrap\" data-name=\"report-url\"><input size=\"40\" maxlength=\"400\" class=\"wpcf7-form-control wpcf7-url wpcf7-text wpcf7-validates-as-url form-control\" aria-invalid=\"false\" placeholder=\"Insira o link do an\u00fancio\" value=\"\" type=\"url\" name=\"report-url\" \/><\/span>\n\t\t\t\t<\/p>\n\t\t\t<\/div>\n\t\t\t<div class=\"col-lg-12 mb-4\">\n\t\t\t\t<p><span class=\"wpcf7-form-control-wrap\" data-name=\"report-file\"><input size=\"40\" class=\"wpcf7-form-control wpcf7-file form-control\" accept=\"audio\/*,video\/*,image\/*\" aria-invalid=\"false\" type=\"file\" name=\"report-file\" \/><\/span>\n\t\t\t\t<\/p>\n\t\t\t<\/div>\n\t\t\t<div class=\"col-lg-12 mb-2\">\n\t\t\t\t<h4 class=\"mb-0\">Precisa de ajuda?\n\t\t\t\t<\/h4>\n\t\t\t\t<p class=\"mb-0\">Como voc\u00ea gostaria de ser contatado?\n\t\t\t\t<\/p>\n\t\t\t<\/div>\n\t\t\t<div class=\"col-lg-12 mb-4\">\n\t\t\t\t<div class=\"form-check mb-2\">\n\t\t\t\t\t<p><span class=\"wpcf7-form-control-wrap\" data-name=\"reporter-contact-channel\"><span class=\"wpcf7-form-control wpcf7-radio\"><span class=\"wpcf7-list-item first last\"><label><input type=\"radio\" name=\"reporter-contact-channel\" value=\"E-mail\" checked=\"checked\" \/><span class=\"wpcf7-list-item-label\">E-mail<\/span><\/label><\/span><\/span><\/span>\n\t\t\t\t\t<\/p>\n\t\t\t\t<\/div>\n\t\t\t\t<div class=\"form-check mb-2\">\n\t\t\t\t\t<p><span class=\"wpcf7-form-control-wrap\" data-name=\"reporter-contact-channel\"><span class=\"wpcf7-form-control wpcf7-radio\" id=\"reporter-whatsapp\"><span class=\"wpcf7-list-item first last\"><label><input type=\"radio\" name=\"reporter-contact-channel\" value=\"Whatsapp\" \/><span class=\"wpcf7-list-item-label\">Whatsapp<\/span><\/label><\/span><\/span><\/span><br \/>\n<span class=\"wpcf7-form-control-wrap\" data-name=\"reporter-whatsapp\"><input size=\"40\" maxlength=\"400\" class=\"wpcf7-form-control wpcf7-text\" id=\"reporter-whatsapp-id\" aria-invalid=\"false\" placeholder=\"Insira o n\u00famero do WhatsApp\" value=\"\" type=\"text\" name=\"reporter-whatsapp\" \/><\/span>\n\t\t\t\t\t<\/p>\n\t\t\t\t<\/div>\n\t\t\t\t<div class=\"form-check\">\n\t\t\t\t\t<p><span class=\"wpcf7-form-control-wrap\" data-name=\"reporter-contact-channel\"><span class=\"wpcf7-form-control wpcf7-radio\" id=\"reporter-telegram\"><span class=\"wpcf7-list-item first last\"><label><input type=\"radio\" name=\"reporter-contact-channel\" value=\"Telegram\" \/><span class=\"wpcf7-list-item-label\">Telegram<\/span><\/label><\/span><\/span><\/span><br \/>\n<span class=\"wpcf7-form-control-wrap\" data-name=\"reporter-telegram\"><input size=\"40\" maxlength=\"400\" class=\"wpcf7-form-control wpcf7-text\" id=\"reporter-telegram-id\" aria-invalid=\"false\" placeholder=\"Insira o Telegram\" value=\"\" type=\"text\" name=\"reporter-telegram\" \/><\/span>\n\t\t\t\t\t<\/p>\n\t\t\t\t<\/div>\n\t\t\t<\/div>\n\t\t\t<div class=\"col-lg-12\">\n\t\t\t\t<p class=\"mg-0\"><br \/>\n<small>Sempre estamos dispon\u00edveis para compartilhar dados relacionados ao seu relato com as autoridades competentes. Os dados compartilhados incluem n\u00fameros de telefone, endere\u00e7os IP e e-mails dos golpistas.<\/small>\n\t\t\t\t<\/p>\n\t\t\t<\/div>\n\t\t\t<div class=\"col-lg-12 mt-3\">\n\t\t\t\t<p><input class=\"wpcf7-form-control wpcf7-submit has-spinner btn btn-primary\" type=\"submit\" value=\"Enviar Den\u00fancia\" \/>\n\t\t\t\t<\/p>\n\t\t\t<\/div>\n\t\t<\/div>\n\t<\/div>\n<\/div><div class=\"wpcf7-response-output\" aria-hidden=\"true\"><\/div>\n<\/form>\n<\/div>\n\n\n\n\n<p><\/p>\n","protected":false},"excerpt":{"rendered":"","protected":false},"author":1,"featured_media":0,"parent":0,"menu_order":0,"comment_status":"closed","ping_status":"closed","template":"","meta":{"footnotes":""},"class_list":["post-24","page","type-page","status-publish","hentry"],"acf":[],"_links":{"self":[{"href":"https:\/\/secure.sduko.com\/pt\/wp-json\/wp\/v2\/pages\/24","targetHints":{"allow":["GET"]}}],"collection":[{"href":"https:\/\/secure.sduko.com\/pt\/wp-json\/wp\/v2\/pages"}],"about":[{"href":"https:\/\/secure.sduko.com\/pt\/wp-json\/wp\/v2\/types\/page"}],"author":[{"embeddable":true,"href":"https:\/\/secure.sduko.com\/pt\/wp-json\/wp\/v2\/users\/1"}],"replies":[{"embeddable":true,"href":"https:\/\/secure.sduko.com\/pt\/wp-json\/wp\/v2\/comments?post=24"}],"version-history":[{"count":2,"href":"https:\/\/secure.sduko.com\/pt\/wp-json\/wp\/v2\/pages\/24\/revisions"}],"predecessor-version":[{"id":85,"href":"https:\/\/secure.sduko.com\/pt\/wp-json\/wp\/v2\/pages\/24\/revisions\/85"}],"wp:attachment":[{"href":"https:\/\/secure.sduko.com\/pt\/wp-json\/wp\/v2\/media?parent=24"}],"curies":[{"name":"wp","href":"https:\/\/api.w.org\/{rel}","templated":true}]}}