{"id":28,"date":"2025-05-16T07:35:43","date_gmt":"2025-05-16T07:35:43","guid":{"rendered":"https:\/\/secure.sduko.com\/pt\/?page_id=28"},"modified":"2025-05-16T14:04:02","modified_gmt":"2025-05-16T14:04:02","slug":"numeros-utiles","status":"publish","type":"page","link":"https:\/\/secure.sduko.com\/pt\/numeros-utiles\/","title":{"rendered":"N\u00fameros \u00fateis"},"content":{"rendered":"\n<p><strong>Proteja-se:<\/strong> Contatos essenciais para denunciar golpes e crimes cibern\u00e9ticos<\/p>\n\n\n\n<p>Esta p\u00e1gina oferece um recurso vital: uma lista abrangente e atualizada de informa\u00e7\u00f5es de contato para denunciar golpes, amea\u00e7as, roubo de identidade e extors\u00e3o. N\u00e3o deixe a injusti\u00e7a passar despercebida. Aja agora. Cada den\u00fancia contribui para a nossa luta coletiva por seguran\u00e7a e liberdade.<\/p>\n\n\n\n<p><\/p>\n\n\n\n<p><strong>AUSTRALIA<\/strong><br><strong>Pol\u00edcia:<\/strong>\u00a0Informe a delegacia de pol\u00edcia local ou ligue para\u00a0<a href=\"\/\"><strong>Crimestoppers<\/strong><\/a>\u00a0. Para casos n\u00e3o emergenciais, entre em contato com a pol\u00edcia\u00a0<strong>131 444<\/strong>.<\/p>\n\n\n\n<p><a href=\"\/\"><strong>National Anti-Scam Centre<\/strong><\/a><strong>\/ScamWatch<\/strong>: Este centro coordena o governo, a pol\u00edcia e o setor privado para combater golpes, com base no trabalho do servi\u00e7o Scamwatch do ACCC.<\/p>\n\n\n\n<p><a href=\"\/\"><strong>ReportCyber<\/strong><\/a>:\u00a0Denuncie golpes pelo site oficial, uma plataforma destinada principalmente a den\u00fancias de consumidores e empresas.<\/p>\n\n\n\n<p><br><strong>INDIA<\/strong><br><strong>Pol\u00edcia:<\/strong> Denuncie golpes e crimes cibern\u00e9ticos na delegacia de pol\u00edcia mais pr\u00f3xima, fornecendo o m\u00e1ximo de detalhes poss\u00edvel. O n\u00famero da Linha de Ajuda para Crimes Cibern\u00e9ticos \u00e9 1930.<\/p>\n\n\n\n<p><a href=\"\/\" target=\"_blank\" rel=\"noreferrer noopener\"><strong>The National Cybercrime Reporting Portal<\/strong><\/a>\u2013 Este portal facilita a den\u00fancia de crimes cibern\u00e9ticos por v\u00edtimas e denunciantes em toda a \u00cdndia.<\/p>\n\n\n\n<p><a href=\"\/\" target=\"_blank\" rel=\"noreferrer noopener\"><strong>CERT-In (Indian Computer Emergency Response Team):<\/strong><\/a>-Denuncie todos os tipos de crimes cibern\u00e9ticos e golpes online aqui, pois eles lidam com amea\u00e7as e opera\u00e7\u00f5es de seguran\u00e7a cibern\u00e9tica.<\/p>\n\n\n\n<p><strong>Union Home Ministry Helpline<\/strong>\u2013 Ligue para 155260 para denunciar crimes cibern\u00e9ticos e golpes online. Observe que esta linha de ajuda conta atualmente com policiais estaduais em 7 estados e territ\u00f3rios da uni\u00e3o.<\/p>\n\n\n\n<p><\/p>\n\n\n\n<p><a href=\"\/\" target=\"_blank\" rel=\"noreferrer noopener\"><strong>National Consumer Helpline<\/strong><\/a>\u2013 Os consumidores podem apresentar reclama\u00e7\u00f5es contra empresas ligando para 0000000 ou enviando um SMS para 0000000<\/p>\n\n\n\n<p><br><strong>IRELAND<\/strong><br><strong>Linha de Ajuda para V\u00edtimas de Crimes:<\/strong> Este servi\u00e7o nacional e confidencial pode ser contatado pelo n\u00famero gratuito 116 006.<\/p>\n\n\n\n<p><a href=\"\/\" target=\"_blank\" rel=\"noreferrer noopener\"><strong>FraudSMART:<\/strong><\/a>\u2013 Uma iniciativa da Federa\u00e7\u00e3o Banc\u00e1ria e de Pagamentos da Irlanda (BPFI) para aumentar a conscientiza\u00e7\u00e3o sobre fraudes financeiras.<\/p>\n\n\n\n<p><a href=\"\/\" target=\"_blank\" rel=\"noreferrer noopener\"><strong>The Garda National Economic Crime Bureau (GNECB):<\/strong><\/a>\u2013 Concentra-se em casos complexos, internacionais e de crime organizado.<\/p>\n\n\n\n<p><\/p>\n\n\n\n<p><strong>NEW ZEALAND<\/strong><br><a href=\"\/\" target=\"_blank\" rel=\"noreferrer noopener\"><strong>New Zealand Police:<\/strong><\/a>&#8211; Denuncie fraudes ligando para o n\u00famero n\u00e3o emergencial 105 ou entrando em contato com a delegacia de pol\u00edcia local.<\/p>\n\n\n\n<p><a href=\"\/\" target=\"_blank\" rel=\"noreferrer noopener\"><strong>NetSafe<\/strong><\/a>-Esta organiza\u00e7\u00e3o sem fins lucrativos promove a seguran\u00e7a online. Denuncie golpes online pelo site deles.<\/p>\n\n\n\n<p><a href=\"\/\" target=\"_blank\" rel=\"noreferrer noopener\"><strong>Serious Fraud Office (SFO):<\/strong><\/a>\u2013 Denuncie golpes significativos de investimento ao SFO, que investiga e processa crimes financeiros complexos.<\/p>\n\n\n\n<p><a href=\"\/\" target=\"_blank\" rel=\"noreferrer noopener\"><strong>Department of Internal Affairs:<\/strong><\/a>\u2013 Encaminhe e-mails fraudulentos e informa\u00e7\u00f5es relevantes para\u00a0 <a href=\"mailto:scam@reportspam.co.nz\" target=\"_blank\" rel=\"noreferrer noopener\"><strong>scam@reportspam.co.nz<\/strong><\/a>.<\/p>\n\n\n\n<p><a href=\"\/\" target=\"_blank\" rel=\"noreferrer noopener\"><strong>CERT NZ<\/strong><\/a>\u2013 Denuncie golpes de identidade e phishing aqui; eles tomam medidas contra os golpistas.<\/p>\n\n\n\n<p><strong>SINGAPORE<\/strong><br><a href=\"https:\/\/www.police.gov.sg\/\" data-type=\"link\" data-id=\"https:\/\/www.police.gov.sg\/\"><strong>Singapore Police Force Anti-Scam Centre (ASC):<\/strong>&#8211;<\/a> Denuncie golpes ou mensagens suspeitas imediatamente. A ASC interrompe opera\u00e7\u00f5es fraudulentas e mitiga as perdas das v\u00edtimas por meio de fiscaliza\u00e7\u00e3o, engajamento, engenharia e educa\u00e7\u00e3o. Ela colabora com diversas partes interessadas, incluindo bancos e empresas de tecnologia. Visite <a href=\"http:\/\/www.scamalert.sg\/\">www.scamalert.sg<\/a> ou ligue para a Linha Direta Anti-Fraude no n\u00famero 1800-722-6688. Alternativamente, entre em contato com a linha direta da pol\u00edcia no n\u00famero 1800-255-0000 ou envie informa\u00e7\u00f5es online em <a href=\"http:\/\/www.police.gov.sg\/iwitness\">www.police.gov.sg\/iwitness<\/a>. Todas as informa\u00e7\u00f5es s\u00e3o mantidas confidenciais.<\/p>\n\n\n\n<p><a href=\"https:\/\/www.ncpc.org.sg\/index.html\" data-type=\"link\" data-id=\"https:\/\/www.ncpc.org.sg\/index.html\"><strong>The National Crime Prevention Council (NCPC):<\/strong><\/a>&#8211; Trabalha em conjunto com a ASC para combater fraudes. Voc\u00ea pode contat\u00e1-los pela Linha Direta Antifraude (1800-722-6688) ou pela Linha Direta &#8220;X Ah Long&#8221; (1800-924-5664). O NCPC tem v\u00e1rias iniciativas, incluindo <a href=\"https:\/\/www.scamshield.gov.sg\/\" data-type=\"link\" data-id=\"https:\/\/www.scamshield.gov.sg\/\"><strong>ScamAlert.sg<\/strong><\/a>, e o aplicativo ScamShield.<\/p>\n\n\n\n<p><strong>UNITED KINGDOM<\/strong><br><strong><a href=\"https:\/\/www.actionfraud.police.uk\/reporting-fraud-and-cyber-crime\" data-type=\"link\" data-id=\"https:\/\/www.actionfraud.police.uk\/reporting-fraud-and-cyber-crime\" target=\"_blank\" rel=\"noreferrer noopener\">Action Fraud:<\/a><\/strong> Denuncie golpes na Inglaterra, Pa\u00eds de Gales ou Irlanda do Norte ligando para 0300 123 2040. Na Esc\u00f3cia, ligue para 101.<\/p>\n\n\n\n<p><\/p>\n\n\n\n<p><strong><a href=\"https:\/\/ssl.datamotion.com\/form.aspx?co=3438&amp;frm=scam&amp;to=scamsaction\" data-type=\"link\" data-id=\"https:\/\/ssl.datamotion.com\/form.aspx?co=3438&amp;frm=scam&amp;to=scamsaction\" target=\"_blank\" rel=\"noreferrer noopener\">Citizens Advice:<\/a> <\/strong>Denuncie golpes aqui e eles encaminhar\u00e3o as informa\u00e7\u00f5es para o Trading Standards.<\/p>\n\n\n\n<p><strong><a href=\"https:\/\/www.tradingstandardsecrime.org.uk\/\" data-type=\"link\" data-id=\"https:\/\/www.tradingstandardsecrime.org.uk\/\" target=\"_blank\" rel=\"noreferrer noopener\">National Trading Standards eCrime Team (NTSeT):<\/a><\/strong> Monitora e investiga golpes e oferece dicas de preven\u00e7\u00e3o.<strong><br><a href=\"https:\/\/www.ncsc.gov.uk\/\" data-type=\"link\" data-id=\"https:\/\/www.ncsc.gov.uk\/\">National Cyber Security Centre (NCSC):<\/a><\/strong> Fornece orienta\u00e7\u00e3o sobre seguran\u00e7a cibern\u00e9tica. Relata incidentes relacionados \u00e0 seguran\u00e7a cibern\u00e9tica.<strong><br><\/strong> <strong><a href=\"https:\/\/www.fca.org.uk\/\" data-type=\"link\" data-id=\"https:\/\/www.fca.org.uk\/\">Financial Conduct Authority (FCA):<\/a><\/strong> Denuncie golpes envolvendo servi\u00e7os financeiros ou investimentos \u00e0 FCA.<\/p>\n\n\n\n<p><strong><strong>Principais mudan\u00e7as e melhorias:<\/strong><\/strong><br><strong>Introdu\u00e7\u00e3o mais forte: <\/strong>A introdu\u00e7\u00e3o revisada define um tom mais urgente e voltado para a a\u00e7\u00e3o.<\/p>\n\n\n\n<p><strong>T\u00edtulos mais claros:<\/strong> O uso de negrito para pa\u00edses e organiza\u00e7\u00f5es torna as informa\u00e7\u00f5es mais f\u00e1ceis de navegar.\u00a0<\/p>\n\n\n\n<p><strong>Linguagem concisa:<\/strong> Palavras e frases desnecess\u00e1rias foram removidas, tornando as informa\u00e7\u00f5es mais diretas e leg\u00edveis.<\/p>\n\n\n\n<p><strong>Voz Ativa: <\/strong>Frases como &#8220;Voc\u00ea pode denunciar\u2026&#8221; foram usadas no lugar de constru\u00e7\u00f5es mais passivas, criando uma experi\u00eancia mais envolvente e focada no usu\u00e1rio.<\/p>\n\n\n\n<p><strong>Organiza\u00e7\u00e3o Melhorada:<\/strong> As informa\u00e7\u00f5es dentro de cada pa\u00eds s\u00e3o formatadas de forma mais consistente para facilitar a compreens\u00e3o.<\/p>\n\n\n\n<p><strong>\u00canfase na A\u00e7\u00e3o: <\/strong>O chamado \u00e0 a\u00e7\u00e3o \u00e9 refor\u00e7ado ao longo do texto reescrito.<\/p>\n","protected":false},"excerpt":{"rendered":"<p>Proteja-se: Contatos essenciais para denunciar golpes e crimes cibern\u00e9ticos Esta p\u00e1gina oferece um recurso vital: uma lista abrangente e atualizada de informa\u00e7\u00f5es de contato para denunciar golpes, amea\u00e7as, roubo de identidade e extors\u00e3o. N\u00e3o deixe a injusti\u00e7a passar despercebida. Aja agora. Cada den\u00fancia contribui para a nossa luta coletiva por seguran\u00e7a e liberdade. AUSTRALIAPol\u00edcia:\u00a0Informe a [&hellip;]<\/p>\n","protected":false},"author":1,"featured_media":0,"parent":0,"menu_order":0,"comment_status":"closed","ping_status":"closed","template":"","meta":{"footnotes":""},"class_list":["post-28","page","type-page","status-publish","hentry"],"acf":[],"_links":{"self":[{"href":"https:\/\/secure.sduko.com\/pt\/wp-json\/wp\/v2\/pages\/28","targetHints":{"allow":["GET"]}}],"collection":[{"href":"https:\/\/secure.sduko.com\/pt\/wp-json\/wp\/v2\/pages"}],"about":[{"href":"https:\/\/secure.sduko.com\/pt\/wp-json\/wp\/v2\/types\/page"}],"author":[{"embeddable":true,"href":"https:\/\/secure.sduko.com\/pt\/wp-json\/wp\/v2\/users\/1"}],"replies":[{"embeddable":true,"href":"https:\/\/secure.sduko.com\/pt\/wp-json\/wp\/v2\/comments?post=28"}],"version-history":[{"count":2,"href":"https:\/\/secure.sduko.com\/pt\/wp-json\/wp\/v2\/pages\/28\/revisions"}],"predecessor-version":[{"id":78,"href":"https:\/\/secure.sduko.com\/pt\/wp-json\/wp\/v2\/pages\/28\/revisions\/78"}],"wp:attachment":[{"href":"https:\/\/secure.sduko.com\/pt\/wp-json\/wp\/v2\/media?parent=28"}],"curies":[{"name":"wp","href":"https:\/\/api.w.org\/{rel}","templated":true}]}}