{"id":41,"date":"2025-05-16T07:38:39","date_gmt":"2025-05-16T07:38:39","guid":{"rendered":"https:\/\/secure.sduko.com\/pt\/?page_id=41"},"modified":"2025-05-16T14:06:13","modified_gmt":"2025-05-16T14:06:13","slug":"torne-se-um-parceiro-junte-se-a-nos","status":"publish","type":"page","link":"https:\/\/secure.sduko.com\/pt\/torne-se-um-parceiro-junte-se-a-nos\/","title":{"rendered":"Torne-se um parceiro"},"content":{"rendered":"\n<p>Voc\u00ea acredita em liberdade, seguran\u00e7a e integridade online? Se sim, convidamos voc\u00ea a se associar a n\u00f3s para:<\/p>\n\n\n\n<p><strong>Proteger a Liberdade de Express\u00e3o: <\/strong>Contribuir ativamente para a defesa da liberdade de express\u00e3o online, vital para uma sociedade saud\u00e1vel.<\/p>\n\n\n\n<p><strong>Construir Confian\u00e7a:<\/strong> Ajudar-nos a criar uma internet onde os usu\u00e1rios possam navegar sem medo, fortalecendo a reputa\u00e7\u00e3o e a confiabilidade de toda a rede.<\/p>\n\n\n\n<p><strong>Enfrentar o Cibercrime: <\/strong>Trabalhar em conjunto com a Sduko e outras organiza\u00e7\u00f5es dedicadas a combater a atividade criminosa online e responsabilizar os criminosos.<\/p>\n\n\n\n<p><strong>Educar e Empoderar:<\/strong> Fornecer aos usu\u00e1rios as ferramentas e o conhecimento necess\u00e1rios para reconhecer e evitar golpes, roubo de identidade e extors\u00e3o.<\/p>\n\n\n\n<p>Ao se tornar nosso parceiro, voc\u00ea aumentar\u00e1 significativamente sua visibilidade como uma organiza\u00e7\u00e3o dedicada a promover a seguran\u00e7a online e os direitos dos usu\u00e1rios.<\/p>\n\n\n\n<p><strong>Entre em contato conosco \u2013 vamos causar um impacto positivo juntos!<\/strong><\/p>\n","protected":false},"excerpt":{"rendered":"<p>Voc\u00ea acredita em liberdade, seguran\u00e7a e integridade online? Se sim, convidamos voc\u00ea a se associar a n\u00f3s para: Proteger a Liberdade de Express\u00e3o: Contribuir ativamente para a defesa da liberdade de express\u00e3o online, vital para uma sociedade saud\u00e1vel. Construir Confian\u00e7a: Ajudar-nos a criar uma internet onde os usu\u00e1rios possam navegar sem medo, fortalecendo a reputa\u00e7\u00e3o [&hellip;]<\/p>\n","protected":false},"author":1,"featured_media":0,"parent":0,"menu_order":0,"comment_status":"closed","ping_status":"closed","template":"","meta":{"footnotes":""},"class_list":["post-41","page","type-page","status-publish","hentry"],"acf":[],"_links":{"self":[{"href":"https:\/\/secure.sduko.com\/pt\/wp-json\/wp\/v2\/pages\/41","targetHints":{"allow":["GET"]}}],"collection":[{"href":"https:\/\/secure.sduko.com\/pt\/wp-json\/wp\/v2\/pages"}],"about":[{"href":"https:\/\/secure.sduko.com\/pt\/wp-json\/wp\/v2\/types\/page"}],"author":[{"embeddable":true,"href":"https:\/\/secure.sduko.com\/pt\/wp-json\/wp\/v2\/users\/1"}],"replies":[{"embeddable":true,"href":"https:\/\/secure.sduko.com\/pt\/wp-json\/wp\/v2\/comments?post=41"}],"version-history":[{"count":3,"href":"https:\/\/secure.sduko.com\/pt\/wp-json\/wp\/v2\/pages\/41\/revisions"}],"predecessor-version":[{"id":80,"href":"https:\/\/secure.sduko.com\/pt\/wp-json\/wp\/v2\/pages\/41\/revisions\/80"}],"wp:attachment":[{"href":"https:\/\/secure.sduko.com\/pt\/wp-json\/wp\/v2\/media?parent=41"}],"curies":[{"name":"wp","href":"https:\/\/api.w.org\/{rel}","templated":true}]}}