{"id":46,"date":"2025-05-16T07:41:25","date_gmt":"2025-05-16T07:41:25","guid":{"rendered":"https:\/\/secure.sduko.com\/pt\/?page_id=46"},"modified":"2025-05-16T14:59:45","modified_gmt":"2025-05-16T14:59:45","slug":"termos-de-uso","status":"publish","type":"page","link":"https:\/\/secure.sduko.com\/pt\/termos-de-uso\/","title":{"rendered":"TERMOS DE USO"},"content":{"rendered":"\n<p>\u00daltima atualiza\u00e7\u00e3o \u2013 julho de 2024<\/p>\n\n\n\n<p>Estes Termos de Uso est\u00e3o em vigor na data indicada acima. Atualizamos nossos Termos de Uso periodicamente; portanto, aconselhamos os Usu\u00e1rios, conforme definido abaixo, a verificarem se h\u00e1 altera\u00e7\u00f5es desde a \u00faltima vez que visitaram o site. <a href=\"https:\/\/secure.Sduko.com\/\">secure.Sduko.com<\/a>\u00a0(doravante denominado \u201cServi\u00e7o\u201d e \u201cSite\u201d).<\/p>\n\n\n\n<p>Os usu\u00e1rios do Site (doravante denominados &#8220;Usu\u00e1rios&#8221;) s\u00e3o aconselhados a ler atentamente estes Termos de Uso antes de utiliz\u00e1-lo.<\/p>\n\n\n\n<p>Os usu\u00e1rios s\u00e3o informados de que o acesso ou utiliza\u00e7\u00e3o do Site confirma que leram, compreenderam e aceitaram estes Termos de Uso.<\/p>\n\n\n\n<p>Os usu\u00e1rios s\u00e3o informados de que continuar navegando no Site significa concordar com os Termos de Uso vigentes no momento da visita e que, caso n\u00e3o desejem se comprometer com os Termos de Uso, devem fechar o Site e interromper o uso do Servi\u00e7o.<\/p>\n\n\n\n<p><strong>1. Acesso ao conte\u00fado do site<\/strong><\/p>\n\n\n\n<p>Observe que este Site destina-se exclusivamente a adultos (maiores de 18 anos). Ao utilizar o Site, os Usu\u00e1rios garantem ter pelo menos 18 anos de idade.<\/p>\n\n\n\n<p>Os Usu\u00e1rios podem visitar todas as se\u00e7\u00f5es do Site, desde que cumpram rigorosamente estes Termos de Uso.<\/p>\n\n\n\n<p><strong>2. Modifica\u00e7\u00e3o destes Termos de Uso<\/strong><\/p>\n\n\n\n<p>Reservamo-nos o direito de modificar e\/ou atualizar estes Termos de Uso a qualquer momento.<\/p>\n\n\n\n<p>Tais modifica\u00e7\u00f5es e\/ou atualiza\u00e7\u00f5es entrar\u00e3o em vigor ap\u00f3s sua publica\u00e7\u00e3o.<\/p>\n\n\n\n<p>A continua\u00e7\u00e3o do uso do Site, mesmo ap\u00f3s a publica\u00e7\u00e3o das altera\u00e7\u00f5es, implicar\u00e1 na aceita\u00e7\u00e3o das mesmas pelo Usu\u00e1rio. Portanto, recomenda-se a consulta peri\u00f3dica desta p\u00e1gina para se manter atualizado sobre os Termos de Uso vigentes.<\/p>\n\n\n\n<p><strong>3. Obriga\u00e7\u00f5es e comportamento do Usu\u00e1rio<\/strong><\/p>\n\n\n\n<p>O Usu\u00e1rio poder\u00e1 utilizar o Site exclusivamente para fins informativos ou de intera\u00e7\u00e3o conosco.<\/p>\n\n\n\n<p>Ao acessar o Site, o Usu\u00e1rio concorda em n\u00e3o utiliz\u00e1-lo:<\/p>\n\n\n\n<ol class=\"wp-block-list\">\n<li>De qualquer forma que viole leis ou regulamentos locais, nacionais ou internacionais;<\/li>\n\n\n\n<li>De qualquer forma fraudulenta ou para qualquer prop\u00f3sito ou efeito fraudulento;<\/li>\n\n\n\n<li>Para fins de prejudicar ou tentar prejudicar menores;<\/li>\n\n\n\n<li>Para fins de assediar ou intimidar qualquer outro Usu\u00e1rio ou terceiro;<\/li>\n\n\n\n<li>Para fins de compartilhar conte\u00fado amea\u00e7ador, abusivo ou discriminat\u00f3rio;<\/li>\n\n\n\n<li>Para fins de causar danos \u00e0 Empresa ou de outra forma prejudicar sua reputa\u00e7\u00e3o;<\/li>\n\n\n\n<li>De qualquer forma que interrompa, interfira ou limite o uso do Site por outros Usu\u00e1rios;<\/li>\n\n\n\n<li>Para enviar publicidade n\u00e3o solicitada ou n\u00e3o autorizada, material promocional ou qualquer outra forma de solicita\u00e7\u00e3o semelhante (&#8220;spam&#8221;);<\/li>\n\n\n\n<li>Para transmitir dados, enviar ou carregar qualquer material que contenha v\u00edrus, trojans, worms ou qualquer outro c\u00f3digo, programa ou arquivo projetado para destruir, interromper ou limitar a funcionalidade de qualquer computador, software, hardware ou equipamento de telecomunica\u00e7\u00f5es; ou<\/li>\n\n\n\n<li>Para obter acesso n\u00e3o autorizado ao Site, ao servidor no qual o Site est\u00e1 armazenado ou a qualquer servidor, computador ou banco de dados conectado ao Site.<\/li>\n<\/ol>\n\n\n\n<p>O Usu\u00e1rio deve garantir que qualquer material carregado, publicado ou transmitido atrav\u00e9s ou no Site n\u00e3o seja falso, ofensivo, difamat\u00f3rio, intimidador ou ilegal e n\u00e3o infrinja os direitos de terceiros.<\/p>\n\n\n\n<p>Reservamo-nos o direito de banir Usu\u00e1rios por viola\u00e7\u00f5es graves ou repetidas destes Termos de Uso.<\/p>\n\n\n\n<p>Ao utilizar o Servi\u00e7o, os Usu\u00e1rios assumem total e exclusiva responsabilidade por seu comportamento em rela\u00e7\u00e3o ao Site e a terceiros, incluindo, entre outros, outros Usu\u00e1rios.<\/p>\n\n\n\n<p>N\u00e3o nos responsabilizamos e n\u00e3o garantimos a veracidade do conte\u00fado compartilhado conosco pelos Usu\u00e1rios por meio do Site.<\/p>\n\n\n\n<p><strong>4. Pol\u00edtica de uso aceit\u00e1vel<\/strong><\/p>\n\n\n\n<p>Os Usu\u00e1rios se comprometem a n\u00e3o utilizar o Servi\u00e7o oferecido pelo Site de forma indevida ou contr\u00e1ria \u00e0s disposi\u00e7\u00f5es legais, \u00e0s normas de \u00e9tica e aos bons costumes dos servi\u00e7os de rede (netiqueta). Os Usu\u00e1rios, em particular, se comprometem a n\u00e3o transmitir, atrav\u00e9s do Site, material de natureza ofensiva e caluniosa, discriminat\u00f3ria, assediante, difamat\u00f3ria, ped\u00f3fila, blasfema ou que de alguma forma seja contr\u00e1rio aos princ\u00edpios da ordem p\u00fablica.<\/p>\n\n\n\n<p><strong>5. pol\u00edtica de Privacidade<\/strong><\/p>\n\n\n\n<p>O uso dos seus dados pessoais \u00e9 regido pela nossa Pol\u00edtica de Privacidade, que tamb\u00e9m define o uso de cookies e tecnologias semelhantes. Coletamos apenas o m\u00ednimo de dados pessoais necess\u00e1rio para fornecer o Servi\u00e7o de acordo com estes Termos de Uso, cumprir com as obriga\u00e7\u00f5es legais que nos incumbem e atender aos nossos interesses leg\u00edtimos em rela\u00e7\u00e3o \u00e0 melhoria do Servi\u00e7o, \u00e0 amplia\u00e7\u00e3o da cobertura geogr\u00e1fica do Servi\u00e7o e \u00e0 promo\u00e7\u00e3o da seguran\u00e7a e do bem-estar dos nossos Usu\u00e1rios.<\/p>\n\n\n\n<p><strong>6. Propriedade intelectual<\/strong><\/p>\n\n\n\n<p>A Empresa det\u00e9m todos os direitos de propriedade intelectual sobre o Site e seu conte\u00fado, bem como sobre as marcas registradas ou logotipos nele publicados. Em particular, o conte\u00fado do Site \u00e9 protegido pelas leis de direitos autorais aplic\u00e1veis.<\/p>\n\n\n\n<p>O Usu\u00e1rio pode ler, visualizar e imprimir o conte\u00fado de uma \u00fanica p\u00e1gina para uso privado, pessoal e n\u00e3o comercial, desde que todos os direitos autorais e de propriedade intelectual mencionados sejam respeitados.<\/p>\n\n\n\n<p>A menos que indicado de outra forma no Site, o Usu\u00e1rio n\u00e3o pode reproduzir, extrair, baixar, copiar, modificar, adaptar, publicar, transmitir, disponibilizar, distribuir, vender ou utilizar de qualquer outra forma o conte\u00fado do Site sem a autoriza\u00e7\u00e3o pr\u00e9via por escrito da Empresa. O uso n\u00e3o autorizado de tal conte\u00fado ser\u00e1 considerado uma viola\u00e7\u00e3o dos direitos da Empresa sobre ele, e nos reservamos o direito de fazer valer tais direitos.<\/p>\n\n\n\n<p>Relatos de viola\u00e7\u00e3o de direitos de propriedade intelectual ou uso indevido de imagens ou dados (por exemplo, telefone, e-mail, nomes e endere\u00e7os) podem ser notificados para\u00a0<a href=\"mailto:info.secure@Sduko.com\">info.secure@Sduko.com<\/a>\u00a0<\/p>\n\n\n\n<p><strong>7. Hiperlinks para sites de terceiros<\/strong><\/p>\n\n\n\n<p>Quando o Site cont\u00e9m links para outros sites e recursos fornecidos por terceiros, esses links s\u00e3o fornecidos apenas para fins informativos.<\/p>\n\n\n\n<p>A Empresa n\u00e3o controla nem endossa o conte\u00fado de tais sites ou recursos.<\/p>\n\n\n\n<p><strong>8. Limita\u00e7\u00f5es de responsabilidade<\/strong><\/p>\n\n\n\n<p><strong>Todo o conte\u00fado oferecido no Site \u00e9 fornecido apenas para fins informativos e, em nenhuma hip\u00f3tese, deve ser considerado um substituto para aconselhamento jur\u00eddico. O Site n\u00e3o pretende ser exaustivo do ponto de vista jur\u00eddico; para aconselhamento jur\u00eddico, consulte um advogado.<\/strong><\/p>\n\n\n\n<p>O acesso \u00e0 internet, necess\u00e1rio para a utiliza\u00e7\u00e3o do Site, e todos os custos e taxas relacionados, incluindo custos de conex\u00e3o, s\u00e3o de responsabilidade do Usu\u00e1rio, que dever\u00e1 adquirir de forma independente o suporte de hardware ou software necess\u00e1rio.<\/p>\n\n\n\n<p>O Usu\u00e1rio \u00e9 o \u00fanico respons\u00e1vel pela opera\u00e7\u00e3o e manuten\u00e7\u00e3o de seus equipamentos e por adotar todas as medidas necess\u00e1rias para garantir sua seguran\u00e7a online.<\/p>\n\n\n\n<p>Podemos atualizar o Site e modificar seu conte\u00fado a qualquer momento.<\/p>\n\n\n\n<p>Embora nos esforcemos periodicamente para atualizar o Site, n\u00e3o h\u00e1 nenhuma representa\u00e7\u00e3o ou garantia expressa ou impl\u00edcita de que o conte\u00fado do Site seja preciso, completo, atualizado e livre de erros ou omiss\u00f5es. Al\u00e9m disso, n\u00e3o h\u00e1 garantia de que o Site seja seguro ou livre de bugs ou v\u00edrus.<\/p>\n\n\n\n<p>Tamb\u00e9m n\u00e3o h\u00e1 garantia de que o Site, ou qualquer parte dele, estar\u00e1 sempre dispon\u00edvel ou ininterrupto. Reservamo-nos o direito de suspender ou modificar todo ou parte do Site sem aviso pr\u00e9vio e n\u00e3o seremos respons\u00e1veis \u200b\u200bpela indisponibilidade do Site em qualquer momento ou per\u00edodo espec\u00edfico, por qualquer motivo.<\/p>\n\n\n\n<p>N\u00e3o seremos respons\u00e1veis \u200b\u200bperante os usu\u00e1rios por qualquer perda ou dano, seja contratual ou n\u00e3o contratual, viola\u00e7\u00e3o de dever legal ou de outra forma, mesmo que previs\u00edvel, decorrente ou relacionado ao uso ou \u00e0 incapacidade de uso do Site ou \u00e0 confian\u00e7a em qualquer conte\u00fado exibido no Site.<\/p>\n\n\n\n<p><strong>9. Altera\u00e7\u00f5es no Site<\/strong><\/p>\n\n\n\n<p>Reservamo-nos o direito de intervir atrav\u00e9s do Site ou de efetuar quaisquer modifica\u00e7\u00f5es ou altera\u00e7\u00f5es (por exemplo, design, foco e\/ou conte\u00fado funcional) sem aviso pr\u00e9vio, ou de limitar o acesso do Usu\u00e1rio ao Site devido a manuten\u00e7\u00e3o, motivos t\u00e9cnicos ou outros, pelo per\u00edodo necess\u00e1rio, sem aviso pr\u00e9vio. Nesses casos, nenhum Usu\u00e1rio ter\u00e1 direito a reivindicar qualquer indeniza\u00e7\u00e3o, nos termos desta pol\u00edtica, com base em tais modifica\u00e7\u00f5es, altera\u00e7\u00f5es ou indisponibilidade.<\/p>\n\n\n\n<p><strong>11. Lei Aplic\u00e1vel e Jurisdi\u00e7\u00e3o<\/strong><\/p>\n\n\n\n<p>Estes Termos de Uso s\u00e3o regidos e interpretados de acordo com as leis da Rep\u00fablica de Chipre e est\u00e3o sujeitos \u00e0 jurisdi\u00e7\u00e3o exclusiva da Rep\u00fablica de Chipre.<\/p>\n\n\n\n<p><strong>12. Informa\u00e7\u00f5es de contato<\/strong><\/p>\n\n\n\n<p>Para quaisquer coment\u00e1rios ou perguntas sobre estes Termos de Uso, envie um e-mail para\u00a0<a href=\"mailto:info.secure@Sduko.com\">info.secure@Sduko.com<\/a>\u00a0<\/p>\n","protected":false},"excerpt":{"rendered":"<p>\u00daltima atualiza\u00e7\u00e3o \u2013 julho de 2024 Estes Termos de Uso est\u00e3o em vigor na data indicada acima. Atualizamos nossos Termos de Uso periodicamente; portanto, aconselhamos os Usu\u00e1rios, conforme definido abaixo, a verificarem se h\u00e1 altera\u00e7\u00f5es desde a \u00faltima vez que visitaram o site. secure.Sduko.com\u00a0(doravante denominado \u201cServi\u00e7o\u201d e \u201cSite\u201d). Os usu\u00e1rios do Site (doravante denominados &#8220;Usu\u00e1rios&#8221;) [&hellip;]<\/p>\n","protected":false},"author":1,"featured_media":0,"parent":0,"menu_order":0,"comment_status":"closed","ping_status":"closed","template":"","meta":{"footnotes":""},"class_list":["post-46","page","type-page","status-publish","hentry"],"acf":[],"_links":{"self":[{"href":"https:\/\/secure.sduko.com\/pt\/wp-json\/wp\/v2\/pages\/46","targetHints":{"allow":["GET"]}}],"collection":[{"href":"https:\/\/secure.sduko.com\/pt\/wp-json\/wp\/v2\/pages"}],"about":[{"href":"https:\/\/secure.sduko.com\/pt\/wp-json\/wp\/v2\/types\/page"}],"author":[{"embeddable":true,"href":"https:\/\/secure.sduko.com\/pt\/wp-json\/wp\/v2\/users\/1"}],"replies":[{"embeddable":true,"href":"https:\/\/secure.sduko.com\/pt\/wp-json\/wp\/v2\/comments?post=46"}],"version-history":[{"count":2,"href":"https:\/\/secure.sduko.com\/pt\/wp-json\/wp\/v2\/pages\/46\/revisions"}],"predecessor-version":[{"id":90,"href":"https:\/\/secure.sduko.com\/pt\/wp-json\/wp\/v2\/pages\/46\/revisions\/90"}],"wp:attachment":[{"href":"https:\/\/secure.sduko.com\/pt\/wp-json\/wp\/v2\/media?parent=46"}],"curies":[{"name":"wp","href":"https:\/\/api.w.org\/{rel}","templated":true}]}}